{"id":452,"date":"2024-10-23T08:31:17","date_gmt":"2024-10-23T06:31:17","guid":{"rendered":"https:\/\/marcobastogi.com\/startseite\/"},"modified":"2025-12-19T17:40:26","modified_gmt":"2025-12-19T16:40:26","slug":"startseite","status":"publish","type":"page","link":"https:\/\/marcobastogi.com\/de\/","title":{"rendered":"Startseite"},"content":{"rendered":"","protected":false},"excerpt":{"rendered":"","protected":false},"author":1,"featured_media":0,"parent":0,"menu_order":0,"comment_status":"closed","ping_status":"closed","template":"","meta":{"slim_seo":{"title":"Marco Bastogi - Dolmetscher, \u00dcbersetzer und Lehrer","description":"Mein Name ist Marco Bastogi. Ich bin Italienisch-Dolmetscher, \u00dcbersetzer und Lehrer in Deutschland f\u00fcr die Sprachen Italienisch, Deutsch, Englisch und Franz\u00f6sisch."},"footnotes":""},"class_list":["post-452","page","type-page","status-publish","hentry"],"meta_box":[],"_links":{"self":[{"href":"https:\/\/marcobastogi.com\/de\/wp-json\/wp\/v2\/pages\/452","targetHints":{"allow":["GET"]}}],"collection":[{"href":"https:\/\/marcobastogi.com\/de\/wp-json\/wp\/v2\/pages"}],"about":[{"href":"https:\/\/marcobastogi.com\/de\/wp-json\/wp\/v2\/types\/page"}],"author":[{"embeddable":true,"href":"https:\/\/marcobastogi.com\/de\/wp-json\/wp\/v2\/users\/1"}],"replies":[{"embeddable":true,"href":"https:\/\/marcobastogi.com\/de\/wp-json\/wp\/v2\/comments?post=452"}],"version-history":[{"count":0,"href":"https:\/\/marcobastogi.com\/de\/wp-json\/wp\/v2\/pages\/452\/revisions"}],"wp:attachment":[{"href":"https:\/\/marcobastogi.com\/de\/wp-json\/wp\/v2\/media?parent=452"}],"curies":[{"name":"wp","href":"https:\/\/api.w.org\/{rel}","templated":true}]}}