{"id":463,"date":"2024-10-23T08:48:44","date_gmt":"2024-10-23T06:48:44","guid":{"rendered":"https:\/\/marcobastogi.com\/wer-sie-sind\/"},"modified":"2025-02-19T18:42:40","modified_gmt":"2025-02-19T17:42:40","slug":"wer-sie-sind","status":"publish","type":"page","link":"https:\/\/marcobastogi.com\/de\/wer-sie-sind\/","title":{"rendered":"\u00dcber mich"},"content":{"rendered":"","protected":false},"excerpt":{"rendered":"","protected":false},"author":1,"featured_media":0,"parent":0,"menu_order":0,"comment_status":"closed","ping_status":"closed","template":"","meta":{"slim_seo":{"title":"\u00dcber mich - Marco Bastogi Dolmetscher, \u00dcbersetzer und Lehrer","description":"Ich bin Marco Bastogi, Dolmetscher, \u00dcbersetzer und Lehrer in Deutschland. Ich biete Dienstleistungen im Bereich Dolmetschen, \u00dcbersetzen und Unterrichten an."},"footnotes":""},"class_list":["post-463","page","type-page","status-publish","hentry"],"meta_box":[],"_links":{"self":[{"href":"https:\/\/marcobastogi.com\/de\/wp-json\/wp\/v2\/pages\/463","targetHints":{"allow":["GET"]}}],"collection":[{"href":"https:\/\/marcobastogi.com\/de\/wp-json\/wp\/v2\/pages"}],"about":[{"href":"https:\/\/marcobastogi.com\/de\/wp-json\/wp\/v2\/types\/page"}],"author":[{"embeddable":true,"href":"https:\/\/marcobastogi.com\/de\/wp-json\/wp\/v2\/users\/1"}],"replies":[{"embeddable":true,"href":"https:\/\/marcobastogi.com\/de\/wp-json\/wp\/v2\/comments?post=463"}],"version-history":[{"count":0,"href":"https:\/\/marcobastogi.com\/de\/wp-json\/wp\/v2\/pages\/463\/revisions"}],"wp:attachment":[{"href":"https:\/\/marcobastogi.com\/de\/wp-json\/wp\/v2\/media?parent=463"}],"curies":[{"name":"wp","href":"https:\/\/api.w.org\/{rel}","templated":true}]}}