{"id":468,"date":"2024-10-24T15:45:11","date_gmt":"2024-10-24T13:45:11","guid":{"rendered":"https:\/\/marcobastogi.com\/beratung\/"},"modified":"2025-07-24T15:22:03","modified_gmt":"2025-07-24T13:22:03","slug":"beratung","status":"publish","type":"page","link":"https:\/\/marcobastogi.com\/de\/beratung\/","title":{"rendered":"Beratung"},"content":{"rendered":"","protected":false},"excerpt":{"rendered":"","protected":false},"author":1,"featured_media":0,"parent":0,"menu_order":0,"comment_status":"closed","ping_status":"closed","template":"","meta":{"slim_seo":{"title":"Beratung-Marco Bastogi Dolmetscher, \u00dcbersetzer und Lehrer","description":"Buchen Sie Ihr kostenloses Beratungsgespr\u00e4ch f\u00fcr einen meiner Dienste. Sie k\u00f6nnen eine der verf\u00fcgbaren Zeiten und die Dauer unseres Treffens ausw\u00e4hlen."},"footnotes":""},"class_list":["post-468","page","type-page","status-publish","hentry"],"meta_box":[],"_links":{"self":[{"href":"https:\/\/marcobastogi.com\/de\/wp-json\/wp\/v2\/pages\/468","targetHints":{"allow":["GET"]}}],"collection":[{"href":"https:\/\/marcobastogi.com\/de\/wp-json\/wp\/v2\/pages"}],"about":[{"href":"https:\/\/marcobastogi.com\/de\/wp-json\/wp\/v2\/types\/page"}],"author":[{"embeddable":true,"href":"https:\/\/marcobastogi.com\/de\/wp-json\/wp\/v2\/users\/1"}],"replies":[{"embeddable":true,"href":"https:\/\/marcobastogi.com\/de\/wp-json\/wp\/v2\/comments?post=468"}],"version-history":[{"count":0,"href":"https:\/\/marcobastogi.com\/de\/wp-json\/wp\/v2\/pages\/468\/revisions"}],"wp:attachment":[{"href":"https:\/\/marcobastogi.com\/de\/wp-json\/wp\/v2\/media?parent=468"}],"curies":[{"name":"wp","href":"https:\/\/api.w.org\/{rel}","templated":true}]}}