{"id":458,"date":"2024-10-23T08:31:17","date_gmt":"2024-10-23T06:31:17","guid":{"rendered":"https:\/\/marcobastogi.com\/accueil\/"},"modified":"2025-12-19T17:38:49","modified_gmt":"2025-12-19T16:38:49","slug":"accueil","status":"publish","type":"page","link":"https:\/\/marcobastogi.com\/fr\/","title":{"rendered":"Accueil"},"content":{"rendered":"","protected":false},"excerpt":{"rendered":"","protected":false},"author":1,"featured_media":0,"parent":0,"menu_order":0,"comment_status":"closed","ping_status":"closed","template":"","meta":{"slim_seo":{"title":"Marco Bastogi - Interpr\u00e8te, traducteur et enseignant","description":"Je m'appelle Marco Bastogi et je suis interpr\u00e8te, traducteur et enseignant italien bas\u00e9 en Allemagne et sp\u00e9cialis\u00e9 dans l'italien, l'allemand, l'anglais et le fran\u00e7ais."},"footnotes":""},"class_list":["post-458","page","type-page","status-publish","hentry"],"meta_box":[],"_links":{"self":[{"href":"https:\/\/marcobastogi.com\/fr\/wp-json\/wp\/v2\/pages\/458","targetHints":{"allow":["GET"]}}],"collection":[{"href":"https:\/\/marcobastogi.com\/fr\/wp-json\/wp\/v2\/pages"}],"about":[{"href":"https:\/\/marcobastogi.com\/fr\/wp-json\/wp\/v2\/types\/page"}],"author":[{"embeddable":true,"href":"https:\/\/marcobastogi.com\/fr\/wp-json\/wp\/v2\/users\/1"}],"replies":[{"embeddable":true,"href":"https:\/\/marcobastogi.com\/fr\/wp-json\/wp\/v2\/comments?post=458"}],"version-history":[{"count":0,"href":"https:\/\/marcobastogi.com\/fr\/wp-json\/wp\/v2\/pages\/458\/revisions"}],"wp:attachment":[{"href":"https:\/\/marcobastogi.com\/fr\/wp-json\/wp\/v2\/media?parent=458"}],"curies":[{"name":"wp","href":"https:\/\/api.w.org\/{rel}","templated":true}]}}