{"id":465,"date":"2024-10-23T08:48:44","date_gmt":"2024-10-23T06:48:44","guid":{"rendered":"https:\/\/marcobastogi.com\/qui-sont-ils\/"},"modified":"2025-02-10T21:20:31","modified_gmt":"2025-02-10T20:20:31","slug":"qui-sont-ils","status":"publish","type":"page","link":"https:\/\/marcobastogi.com\/fr\/qui-sont-ils\/","title":{"rendered":"A propos"},"content":{"rendered":"","protected":false},"excerpt":{"rendered":"","protected":false},"author":1,"featured_media":0,"parent":0,"menu_order":0,"comment_status":"closed","ping_status":"closed","template":"","meta":{"slim_seo":{"title":"A propos - Marco Bastogi Interpr\u00e8te, traducteur et enseignant","description":"Je suis Marco Bastogi, interpr\u00e8te, traducteur et enseignant en Allemagne. Je propose des services d'interpr\u00e9tation, de traduction et d'enseignement."},"footnotes":""},"class_list":["post-465","page","type-page","status-publish","hentry"],"meta_box":[],"_links":{"self":[{"href":"https:\/\/marcobastogi.com\/fr\/wp-json\/wp\/v2\/pages\/465","targetHints":{"allow":["GET"]}}],"collection":[{"href":"https:\/\/marcobastogi.com\/fr\/wp-json\/wp\/v2\/pages"}],"about":[{"href":"https:\/\/marcobastogi.com\/fr\/wp-json\/wp\/v2\/types\/page"}],"author":[{"embeddable":true,"href":"https:\/\/marcobastogi.com\/fr\/wp-json\/wp\/v2\/users\/1"}],"replies":[{"embeddable":true,"href":"https:\/\/marcobastogi.com\/fr\/wp-json\/wp\/v2\/comments?post=465"}],"version-history":[{"count":0,"href":"https:\/\/marcobastogi.com\/fr\/wp-json\/wp\/v2\/pages\/465\/revisions"}],"wp:attachment":[{"href":"https:\/\/marcobastogi.com\/fr\/wp-json\/wp\/v2\/media?parent=465"}],"curies":[{"name":"wp","href":"https:\/\/api.w.org\/{rel}","templated":true}]}}