{"id":479,"date":"2024-12-20T11:40:12","date_gmt":"2024-12-20T10:40:12","guid":{"rendered":"https:\/\/marcobastogi.com\/credits\/"},"modified":"2025-01-10T10:01:22","modified_gmt":"2025-01-10T09:01:22","slug":"credits","status":"publish","type":"page","link":"https:\/\/marcobastogi.com\/fr\/credits\/","title":{"rendered":"Cr\u00e9dits"},"content":{"rendered":"","protected":false},"excerpt":{"rendered":"","protected":false},"author":1,"featured_media":0,"parent":0,"menu_order":0,"comment_status":"closed","ping_status":"closed","template":"","meta":{"slim_seo":{"noindex":"1","title":"Cr\u00e9dits - Marco Bastogi Language &amp; Interpreting","description":"Cr\u00e9dits Conception et d\u00e9veloppement de sites web Conception et d\u00e9veloppement du site web par Francesco Lastrucci Web Designer. Image de marque et conception gra"},"footnotes":""},"class_list":["post-479","page","type-page","status-publish","hentry"],"meta_box":[],"_links":{"self":[{"href":"https:\/\/marcobastogi.com\/fr\/wp-json\/wp\/v2\/pages\/479","targetHints":{"allow":["GET"]}}],"collection":[{"href":"https:\/\/marcobastogi.com\/fr\/wp-json\/wp\/v2\/pages"}],"about":[{"href":"https:\/\/marcobastogi.com\/fr\/wp-json\/wp\/v2\/types\/page"}],"author":[{"embeddable":true,"href":"https:\/\/marcobastogi.com\/fr\/wp-json\/wp\/v2\/users\/1"}],"replies":[{"embeddable":true,"href":"https:\/\/marcobastogi.com\/fr\/wp-json\/wp\/v2\/comments?post=479"}],"version-history":[{"count":0,"href":"https:\/\/marcobastogi.com\/fr\/wp-json\/wp\/v2\/pages\/479\/revisions"}],"wp:attachment":[{"href":"https:\/\/marcobastogi.com\/fr\/wp-json\/wp\/v2\/media?parent=479"}],"curies":[{"name":"wp","href":"https:\/\/api.w.org\/{rel}","templated":true}]}}