{"id":586,"date":"2025-02-03T12:42:22","date_gmt":"2025-02-03T11:42:22","guid":{"rendered":"https:\/\/marcobastogi.com\/mentions-legales\/"},"modified":"2026-04-27T16:04:08","modified_gmt":"2026-04-27T14:04:08","slug":"mentions-legales","status":"publish","type":"page","link":"https:\/\/marcobastogi.com\/fr\/mentions-legales\/","title":{"rendered":"Notes juridiques"},"content":{"rendered":"","protected":false},"excerpt":{"rendered":"","protected":false},"author":1,"featured_media":0,"parent":0,"menu_order":0,"comment_status":"closed","ping_status":"closed","template":"","meta":{"slim_seo":{"noindex":"1","title":"Notes juridiques - Marco Bastogi Language &amp; Interpreting","description":"Notes juridiques Propri\u00e9taire du site web Marco Bastogi Marco Bastogi Language &amp; Interpreting Interpr\u00e8te, traducteur et enseignant ind\u00e9pendant Heckerstr. 24"},"footnotes":""},"class_list":["post-586","page","type-page","status-publish","hentry"],"meta_box":[],"_links":{"self":[{"href":"https:\/\/marcobastogi.com\/fr\/wp-json\/wp\/v2\/pages\/586","targetHints":{"allow":["GET"]}}],"collection":[{"href":"https:\/\/marcobastogi.com\/fr\/wp-json\/wp\/v2\/pages"}],"about":[{"href":"https:\/\/marcobastogi.com\/fr\/wp-json\/wp\/v2\/types\/page"}],"author":[{"embeddable":true,"href":"https:\/\/marcobastogi.com\/fr\/wp-json\/wp\/v2\/users\/1"}],"replies":[{"embeddable":true,"href":"https:\/\/marcobastogi.com\/fr\/wp-json\/wp\/v2\/comments?post=586"}],"version-history":[{"count":0,"href":"https:\/\/marcobastogi.com\/fr\/wp-json\/wp\/v2\/pages\/586\/revisions"}],"wp:attachment":[{"href":"https:\/\/marcobastogi.com\/fr\/wp-json\/wp\/v2\/media?parent=586"}],"curies":[{"name":"wp","href":"https:\/\/api.w.org\/{rel}","templated":true}]}}